{"id":4277,"date":"2023-12-13T16:38:12","date_gmt":"2023-12-13T15:38:12","guid":{"rendered":"https:\/\/alcastellorelais.it\/404-2\/"},"modified":"2024-07-03T18:24:08","modified_gmt":"2024-07-03T16:24:08","slug":"404-2","status":"publish","type":"page","link":"https:\/\/alcastellorelais.it\/fr\/404-2\/","title":{"rendered":"404"},"content":{"rendered":"\t\t<div data-elementor-type=\"wp-page\" data-elementor-id=\"4277\" class=\"elementor elementor-4277\">\n\t\t\t\t\t\t\t\t\t<section class=\"elementor-section elementor-top-section elementor-element elementor-element-ef3745b elementor-section-full_width elementor-section-height-default elementor-section-height-default parallax_section_no qode_elementor_container_no\" data-id=\"ef3745b\" data-element_type=\"section\">\n\t\t\t\t\t\t<div class=\"elementor-container elementor-column-gap-default\">\n\t\t\t\t\t<div class=\"elementor-column elementor-col-100 elementor-top-column elementor-element elementor-element-193d55e\" data-id=\"193d55e\" data-element_type=\"column\">\n\t\t\t<div class=\"elementor-widget-wrap\">\n\t\t\t\t\t\t\t\t\t<\/div>\n\t\t<\/div>\n\t\t\t\t\t\t\t<\/div>\n\t\t<\/section>\n\t\t<div class=\"elementor-element elementor-element-e493548 e-con-full e-flex parallax_section_no qode_elementor_container_no e-con e-parent\" data-id=\"e493548\" data-element_type=\"container\" data-settings=\"{&quot;content_width&quot;:&quot;full&quot;}\" data-core-v316-plus=\"true\">\n\t\t\t\t<div class=\"elementor-element elementor-element-6872f40 elementor-widget elementor-widget-image\" data-id=\"6872f40\" data-element_type=\"widget\" data-widget_type=\"image.default\">\n\t\t\t\t<div class=\"elementor-widget-container\">\n\t\t\t<style>\/*! elementor - v3.17.0 - 08-11-2023 *\/\n.elementor-widget-image{text-align:center}.elementor-widget-image a{display:inline-block}.elementor-widget-image a img[src$=\".svg\"]{width:48px}.elementor-widget-image img{vertical-align:middle;display:inline-block}<\/style>\t\t\t\t\t\t\t\t\t\t\t\t<img fetchpriority=\"high\" decoding=\"async\" width=\"1920\" height=\"649\" src=\"https:\/\/alcastellorelais.it\/wp-content\/uploads\/2023\/12\/Copia-di-sfondi-pagine-secondarie-al-castello-relais-vieste-interni2.jpg\" class=\"attachment-full size-full wp-image-1143\" alt=\"\" srcset=\"https:\/\/alcastellorelais.it\/wp-content\/uploads\/2023\/12\/Copia-di-sfondi-pagine-secondarie-al-castello-relais-vieste-interni2.jpg 1920w, https:\/\/alcastellorelais.it\/wp-content\/uploads\/2023\/12\/Copia-di-sfondi-pagine-secondarie-al-castello-relais-vieste-interni2-300x101.jpg 300w, https:\/\/alcastellorelais.it\/wp-content\/uploads\/2023\/12\/Copia-di-sfondi-pagine-secondarie-al-castello-relais-vieste-interni2-1024x346.jpg 1024w, https:\/\/alcastellorelais.it\/wp-content\/uploads\/2023\/12\/Copia-di-sfondi-pagine-secondarie-al-castello-relais-vieste-interni2-768x260.jpg 768w, https:\/\/alcastellorelais.it\/wp-content\/uploads\/2023\/12\/Copia-di-sfondi-pagine-secondarie-al-castello-relais-vieste-interni2-1536x519.jpg 1536w, https:\/\/alcastellorelais.it\/wp-content\/uploads\/2023\/12\/Copia-di-sfondi-pagine-secondarie-al-castello-relais-vieste-interni2-700x237.jpg 700w\" sizes=\"(max-width: 1920px) 100vw, 1920px\" \/>\t\t\t\t\t\t\t\t\t\t\t\t\t\t\t<\/div>\n\t\t\t\t<\/div>\n\t\t\t\t<\/div>\n\t\t\t\t<section class=\"elementor-section elementor-top-section elementor-element elementor-element-acacd7d elementor-section-full_width elementor-section-height-default elementor-section-height-default parallax_section_no qode_elementor_container_no\" data-id=\"acacd7d\" data-element_type=\"section\" data-settings=\"{&quot;background_background&quot;:&quot;classic&quot;}\">\n\t\t\t\t\t\t<div class=\"elementor-container elementor-column-gap-default\">\n\t\t\t\t\t<div class=\"elementor-column elementor-col-100 elementor-top-column elementor-element elementor-element-0b92e83\" data-id=\"0b92e83\" data-element_type=\"column\">\n\t\t\t<div class=\"elementor-widget-wrap elementor-element-populated\">\n\t\t\t\t\t\t\t\t<div class=\"elementor-element elementor-element-60b380c elementor-widget elementor-widget-spacer\" data-id=\"60b380c\" data-element_type=\"widget\" data-widget_type=\"spacer.default\">\n\t\t\t\t<div class=\"elementor-widget-container\">\n\t\t\t<style>\/*! elementor - v3.17.0 - 08-11-2023 *\/\n.elementor-column .elementor-spacer-inner{height:var(--spacer-size)}.e-con{--container-widget-width:100%}.e-con-inner>.elementor-widget-spacer,.e-con>.elementor-widget-spacer{width:var(--container-widget-width,var(--spacer-size));--align-self:var(--container-widget-align-self,initial);--flex-shrink:0}.e-con-inner>.elementor-widget-spacer>.elementor-widget-container,.e-con>.elementor-widget-spacer>.elementor-widget-container{height:100%;width:100%}.e-con-inner>.elementor-widget-spacer>.elementor-widget-container>.elementor-spacer,.e-con>.elementor-widget-spacer>.elementor-widget-container>.elementor-spacer{height:100%}.e-con-inner>.elementor-widget-spacer>.elementor-widget-container>.elementor-spacer>.elementor-spacer-inner,.e-con>.elementor-widget-spacer>.elementor-widget-container>.elementor-spacer>.elementor-spacer-inner{height:var(--container-widget-height,var(--spacer-size))}.e-con-inner>.elementor-widget-spacer.elementor-widget-empty,.e-con>.elementor-widget-spacer.elementor-widget-empty{position:relative;min-height:22px;min-width:22px}.e-con-inner>.elementor-widget-spacer.elementor-widget-empty .elementor-widget-empty-icon,.e-con>.elementor-widget-spacer.elementor-widget-empty .elementor-widget-empty-icon{position:absolute;top:0;bottom:0;left:0;right:0;margin:auto;padding:0;width:22px;height:22px}<\/style>\t\t<div class=\"elementor-spacer\">\n\t\t\t<div class=\"elementor-spacer-inner\"><\/div>\n\t\t<\/div>\n\t\t\t\t<\/div>\n\t\t\t\t<\/div>\n\t\t\t\t<div class=\"elementor-element elementor-element-b1e742b elementor-widget elementor-widget-heading\" data-id=\"b1e742b\" data-element_type=\"widget\" data-widget_type=\"heading.default\">\n\t\t\t\t<div class=\"elementor-widget-container\">\n\t\t\t<style>\/*! elementor - v3.17.0 - 08-11-2023 *\/\n.elementor-heading-title{padding:0;margin:0;line-height:1}.elementor-widget-heading .elementor-heading-title[class*=elementor-size-]>a{color:inherit;font-size:inherit;line-height:inherit}.elementor-widget-heading .elementor-heading-title.elementor-size-small{font-size:15px}.elementor-widget-heading .elementor-heading-title.elementor-size-medium{font-size:19px}.elementor-widget-heading .elementor-heading-title.elementor-size-large{font-size:29px}.elementor-widget-heading .elementor-heading-title.elementor-size-xl{font-size:39px}.elementor-widget-heading .elementor-heading-title.elementor-size-xxl{font-size:59px}<\/style><h4 class=\"elementor-heading-title elementor-size-default\">Erreur 404<br\/>PAGE INTROUVABLE<\/h4>\t\t<\/div>\n\t\t\t\t<\/div>\n\t\t\t\t<div class=\"elementor-element elementor-element-2b7c4f2 elementor-widget elementor-widget-text-editor\" data-id=\"2b7c4f2\" data-element_type=\"widget\" data-widget_type=\"text-editor.default\">\n\t\t\t\t<div class=\"elementor-widget-container\">\n\t\t\t<style>\/*! elementor - v3.17.0 - 08-11-2023 *\/\n.elementor-widget-text-editor.elementor-drop-cap-view-stacked .elementor-drop-cap{background-color:#69727d;color:#fff}.elementor-widget-text-editor.elementor-drop-cap-view-framed .elementor-drop-cap{color:#69727d;border:3px solid;background-color:transparent}.elementor-widget-text-editor:not(.elementor-drop-cap-view-default) .elementor-drop-cap{margin-top:8px}.elementor-widget-text-editor:not(.elementor-drop-cap-view-default) .elementor-drop-cap-letter{width:1em;height:1em}.elementor-widget-text-editor .elementor-drop-cap{float:left;text-align:center;line-height:1;font-size:50px}.elementor-widget-text-editor .elementor-drop-cap-letter{display:inline-block}<\/style>\t\t\t\t<p style=\"text-align: center;\">Nous sommes d\u00e9sol\u00e9s, mais la page que vous recherchez n&#8217;existe pas.<\/p>\t\t\t\t\t\t<\/div>\n\t\t\t\t<\/div>\n\t\t\t\t<div class=\"elementor-element elementor-element-2f932eb elementor-widget elementor-widget-bridge_button\" data-id=\"2f932eb\" data-element_type=\"widget\" data-widget_type=\"bridge_button.default\">\n\t\t\t\t<div class=\"elementor-widget-container\">\n\t\t\t<a  itemprop=\"url\" href=\"https:\/\/alcastellorelais.it\/fr\/\" target=\"_self\"  class=\"qbutton  default\" style=\"\">RETOUR \u00c0 LA PAGE D'ACCUEIL<\/a>\t\t<\/div>\n\t\t\t\t<\/div>\n\t\t\t\t<div class=\"elementor-element elementor-element-bf303e8 elementor-widget elementor-widget-spacer\" data-id=\"bf303e8\" data-element_type=\"widget\" data-widget_type=\"spacer.default\">\n\t\t\t\t<div class=\"elementor-widget-container\">\n\t\t\t\t\t<div class=\"elementor-spacer\">\n\t\t\t<div class=\"elementor-spacer-inner\"><\/div>\n\t\t<\/div>\n\t\t\t\t<\/div>\n\t\t\t\t<\/div>\n\t\t\t\t\t<\/div>\n\t\t<\/div>\n\t\t\t\t\t\t\t<\/div>\n\t\t<\/section>\n\t\t\t\t\t\t\t<\/div>\n\t\t","protected":false},"excerpt":{"rendered":"<p>Erreur 404PAGE INTROUVABLE Nous sommes d\u00e9sol\u00e9s, mais la page que vous recherchez n&#8217;existe pas. RETOUR \u00c0 LA PAGE D&#8217;ACCUEIL<\/p>\n","protected":false},"author":1,"featured_media":0,"parent":0,"menu_order":0,"comment_status":"closed","ping_status":"closed","template":"full_width.php","meta":{"footnotes":""},"yoast_head":"<!-- This site is optimized with the Yoast SEO plugin v21.7 - https:\/\/yoast.com\/wordpress\/plugins\/seo\/ -->\n<title>404 - Bnb a Vieste nel centro storico a due passi dal mare<\/title>\n<meta name=\"robots\" content=\"index, follow, max-snippet:-1, max-image-preview:large, max-video-preview:-1\" \/>\n<link rel=\"canonical\" href=\"https:\/\/alcastellorelais.it\/fr\/404-2\/\" \/>\n<meta property=\"og:locale\" content=\"fr_FR\" \/>\n<meta property=\"og:type\" content=\"article\" \/>\n<meta property=\"og:title\" content=\"404 - Bnb a Vieste nel centro storico a due passi dal mare\" \/>\n<meta property=\"og:description\" content=\"Erreur 404PAGE INTROUVABLE Nous sommes d\u00e9sol\u00e9s, mais la page que vous recherchez n&#8217;existe pas. RETOUR \u00c0 LA PAGE D&#8217;ACCUEIL\" \/>\n<meta property=\"og:url\" content=\"https:\/\/alcastellorelais.it\/fr\/404-2\/\" \/>\n<meta property=\"og:site_name\" content=\"Bnb a Vieste nel centro storico a due passi dal mare\" \/>\n<meta property=\"article:modified_time\" content=\"2024-07-03T16:24:08+00:00\" \/>\n<meta property=\"og:image\" content=\"https:\/\/alcastellorelais.it\/wp-content\/uploads\/2023\/12\/Copia-di-sfondi-pagine-secondarie-al-castello-relais-vieste-interni2.jpg\" \/>\n<meta name=\"twitter:card\" content=\"summary_large_image\" \/>\n<meta name=\"twitter:label1\" content=\"Est. reading time\" \/>\n\t<meta name=\"twitter:data1\" content=\"1 minute\" \/>\n<script type=\"application\/ld+json\" class=\"yoast-schema-graph\">{\"@context\":\"https:\/\/schema.org\",\"@graph\":[{\"@type\":\"WebPage\",\"@id\":\"https:\/\/alcastellorelais.it\/fr\/404-2\/\",\"url\":\"https:\/\/alcastellorelais.it\/fr\/404-2\/\",\"name\":\"404 - Bnb a Vieste nel centro storico a due passi dal mare\",\"isPartOf\":{\"@id\":\"https:\/\/alcastellorelais.it\/#website\"},\"datePublished\":\"2023-12-13T15:38:12+00:00\",\"dateModified\":\"2024-07-03T16:24:08+00:00\",\"breadcrumb\":{\"@id\":\"https:\/\/alcastellorelais.it\/fr\/404-2\/#breadcrumb\"},\"inLanguage\":\"fr-FR\",\"potentialAction\":[{\"@type\":\"ReadAction\",\"target\":[\"https:\/\/alcastellorelais.it\/fr\/404-2\/\"]}]},{\"@type\":\"BreadcrumbList\",\"@id\":\"https:\/\/alcastellorelais.it\/fr\/404-2\/#breadcrumb\",\"itemListElement\":[{\"@type\":\"ListItem\",\"position\":1,\"name\":\"Home\",\"item\":\"https:\/\/alcastellorelais.it\/fr\/\"},{\"@type\":\"ListItem\",\"position\":2,\"name\":\"404\"}]},{\"@type\":\"WebSite\",\"@id\":\"https:\/\/alcastellorelais.it\/#website\",\"url\":\"https:\/\/alcastellorelais.it\/\",\"name\":\"Bnb a Vieste nel centro storico a due passi dal mare\",\"description\":\"Bad e breakfast a Vieste in centro\",\"potentialAction\":[{\"@type\":\"SearchAction\",\"target\":{\"@type\":\"EntryPoint\",\"urlTemplate\":\"https:\/\/alcastellorelais.it\/?s={search_term_string}\"},\"query-input\":\"required name=search_term_string\"}],\"inLanguage\":\"fr-FR\"}]}<\/script>\n<!-- \/ Yoast SEO plugin. -->","yoast_head_json":{"title":"404 - Bnb a Vieste nel centro storico a due passi dal mare","robots":{"index":"index","follow":"follow","max-snippet":"max-snippet:-1","max-image-preview":"max-image-preview:large","max-video-preview":"max-video-preview:-1"},"canonical":"https:\/\/alcastellorelais.it\/fr\/404-2\/","og_locale":"fr_FR","og_type":"article","og_title":"404 - Bnb a Vieste nel centro storico a due passi dal mare","og_description":"Erreur 404PAGE INTROUVABLE Nous sommes d\u00e9sol\u00e9s, mais la page que vous recherchez n&#8217;existe pas. RETOUR \u00c0 LA PAGE D&#8217;ACCUEIL","og_url":"https:\/\/alcastellorelais.it\/fr\/404-2\/","og_site_name":"Bnb a Vieste nel centro storico a due passi dal mare","article_modified_time":"2024-07-03T16:24:08+00:00","og_image":[{"url":"https:\/\/alcastellorelais.it\/wp-content\/uploads\/2023\/12\/Copia-di-sfondi-pagine-secondarie-al-castello-relais-vieste-interni2.jpg"}],"twitter_card":"summary_large_image","twitter_misc":{"Est. reading time":"1 minute"},"schema":{"@context":"https:\/\/schema.org","@graph":[{"@type":"WebPage","@id":"https:\/\/alcastellorelais.it\/fr\/404-2\/","url":"https:\/\/alcastellorelais.it\/fr\/404-2\/","name":"404 - Bnb a Vieste nel centro storico a due passi dal mare","isPartOf":{"@id":"https:\/\/alcastellorelais.it\/#website"},"datePublished":"2023-12-13T15:38:12+00:00","dateModified":"2024-07-03T16:24:08+00:00","breadcrumb":{"@id":"https:\/\/alcastellorelais.it\/fr\/404-2\/#breadcrumb"},"inLanguage":"fr-FR","potentialAction":[{"@type":"ReadAction","target":["https:\/\/alcastellorelais.it\/fr\/404-2\/"]}]},{"@type":"BreadcrumbList","@id":"https:\/\/alcastellorelais.it\/fr\/404-2\/#breadcrumb","itemListElement":[{"@type":"ListItem","position":1,"name":"Home","item":"https:\/\/alcastellorelais.it\/fr\/"},{"@type":"ListItem","position":2,"name":"404"}]},{"@type":"WebSite","@id":"https:\/\/alcastellorelais.it\/#website","url":"https:\/\/alcastellorelais.it\/","name":"Bnb a Vieste nel centro storico a due passi dal mare","description":"Bad e breakfast a Vieste in centro","potentialAction":[{"@type":"SearchAction","target":{"@type":"EntryPoint","urlTemplate":"https:\/\/alcastellorelais.it\/?s={search_term_string}"},"query-input":"required name=search_term_string"}],"inLanguage":"fr-FR"}]}},"_links":{"self":[{"href":"https:\/\/alcastellorelais.it\/fr\/wp-json\/wp\/v2\/pages\/4277"}],"collection":[{"href":"https:\/\/alcastellorelais.it\/fr\/wp-json\/wp\/v2\/pages"}],"about":[{"href":"https:\/\/alcastellorelais.it\/fr\/wp-json\/wp\/v2\/types\/page"}],"author":[{"embeddable":true,"href":"https:\/\/alcastellorelais.it\/fr\/wp-json\/wp\/v2\/users\/1"}],"replies":[{"embeddable":true,"href":"https:\/\/alcastellorelais.it\/fr\/wp-json\/wp\/v2\/comments?post=4277"}],"version-history":[{"count":7,"href":"https:\/\/alcastellorelais.it\/fr\/wp-json\/wp\/v2\/pages\/4277\/revisions"}],"predecessor-version":[{"id":6601,"href":"https:\/\/alcastellorelais.it\/fr\/wp-json\/wp\/v2\/pages\/4277\/revisions\/6601"}],"wp:attachment":[{"href":"https:\/\/alcastellorelais.it\/fr\/wp-json\/wp\/v2\/media?parent=4277"}],"curies":[{"name":"wp","href":"https:\/\/api.w.org\/{rel}","templated":true}]}}