{"id":4267,"date":"2024-04-19T16:39:08","date_gmt":"2024-04-19T14:39:08","guid":{"rendered":"https:\/\/alcastellorelais.it\/condizioni-di-locazione\/"},"modified":"2024-07-03T18:47:41","modified_gmt":"2024-07-03T16:47:41","slug":"condizioni-di-locazione","status":"publish","type":"page","link":"https:\/\/alcastellorelais.it\/fr\/condizioni-di-locazione\/","title":{"rendered":"Conditions de location"},"content":{"rendered":"\t\t<div data-elementor-type=\"wp-page\" data-elementor-id=\"4267\" class=\"elementor elementor-4267\">\n\t\t\t\t\t\t\t<div class=\"elementor-element elementor-element-5d00a11 e-con-full elementor-hidden-tablet elementor-hidden-mobile e-flex parallax_section_no qode_elementor_container_no e-con e-parent\" data-id=\"5d00a11\" data-element_type=\"container\" data-settings=\"{&quot;content_width&quot;:&quot;full&quot;,&quot;background_background&quot;:&quot;classic&quot;}\" data-core-v316-plus=\"true\">\n\t\t\t\t<div class=\"elementor-element elementor-element-81633d4 elementor-widget elementor-widget-spacer\" data-id=\"81633d4\" data-element_type=\"widget\" data-widget_type=\"spacer.default\">\n\t\t\t\t<div class=\"elementor-widget-container\">\n\t\t\t<style>\/*! elementor - v3.17.0 - 08-11-2023 *\/\n.elementor-column .elementor-spacer-inner{height:var(--spacer-size)}.e-con{--container-widget-width:100%}.e-con-inner>.elementor-widget-spacer,.e-con>.elementor-widget-spacer{width:var(--container-widget-width,var(--spacer-size));--align-self:var(--container-widget-align-self,initial);--flex-shrink:0}.e-con-inner>.elementor-widget-spacer>.elementor-widget-container,.e-con>.elementor-widget-spacer>.elementor-widget-container{height:100%;width:100%}.e-con-inner>.elementor-widget-spacer>.elementor-widget-container>.elementor-spacer,.e-con>.elementor-widget-spacer>.elementor-widget-container>.elementor-spacer{height:100%}.e-con-inner>.elementor-widget-spacer>.elementor-widget-container>.elementor-spacer>.elementor-spacer-inner,.e-con>.elementor-widget-spacer>.elementor-widget-container>.elementor-spacer>.elementor-spacer-inner{height:var(--container-widget-height,var(--spacer-size))}.e-con-inner>.elementor-widget-spacer.elementor-widget-empty,.e-con>.elementor-widget-spacer.elementor-widget-empty{position:relative;min-height:22px;min-width:22px}.e-con-inner>.elementor-widget-spacer.elementor-widget-empty .elementor-widget-empty-icon,.e-con>.elementor-widget-spacer.elementor-widget-empty .elementor-widget-empty-icon{position:absolute;top:0;bottom:0;left:0;right:0;margin:auto;padding:0;width:22px;height:22px}<\/style>\t\t<div class=\"elementor-spacer\">\n\t\t\t<div class=\"elementor-spacer-inner\"><\/div>\n\t\t<\/div>\n\t\t\t\t<\/div>\n\t\t\t\t<\/div>\n\t\t\t\t<div class=\"elementor-element elementor-element-b59de9d elementor-widget elementor-widget-spacer\" data-id=\"b59de9d\" data-element_type=\"widget\" data-widget_type=\"spacer.default\">\n\t\t\t\t<div class=\"elementor-widget-container\">\n\t\t\t\t\t<div class=\"elementor-spacer\">\n\t\t\t<div class=\"elementor-spacer-inner\"><\/div>\n\t\t<\/div>\n\t\t\t\t<\/div>\n\t\t\t\t<\/div>\n\t\t\t\t<\/div>\n\t\t<div class=\"elementor-element elementor-element-6062a18 e-flex e-con-boxed parallax_section_no qode_elementor_container_no e-con e-parent\" data-id=\"6062a18\" data-element_type=\"container\" data-settings=\"{&quot;content_width&quot;:&quot;boxed&quot;}\" data-core-v316-plus=\"true\">\n\t\t\t\t\t<div class=\"e-con-inner\">\n\t\t\t\t<div class=\"elementor-element elementor-element-b590ce1 elementor-hidden-desktop elementor-widget elementor-widget-image\" data-id=\"b590ce1\" data-element_type=\"widget\" data-widget_type=\"image.default\">\n\t\t\t\t<div class=\"elementor-widget-container\">\n\t\t\t<style>\/*! elementor - v3.17.0 - 08-11-2023 *\/\n.elementor-widget-image{text-align:center}.elementor-widget-image a{display:inline-block}.elementor-widget-image a img[src$=\".svg\"]{width:48px}.elementor-widget-image img{vertical-align:middle;display:inline-block}<\/style>\t\t\t\t\t\t\t\t\t\t\t\t<img fetchpriority=\"high\" decoding=\"async\" width=\"1024\" height=\"1024\" src=\"https:\/\/alcastellorelais.it\/wp-content\/uploads\/2023\/12\/Sfondi-piccoli-responsive-al-castello-relais-vieste10-1024x1024.jpg\" class=\"attachment-large size-large wp-image-1987\" alt=\"\" srcset=\"https:\/\/alcastellorelais.it\/wp-content\/uploads\/2023\/12\/Sfondi-piccoli-responsive-al-castello-relais-vieste10-1024x1024.jpg 1024w, https:\/\/alcastellorelais.it\/wp-content\/uploads\/2023\/12\/Sfondi-piccoli-responsive-al-castello-relais-vieste10-300x300.jpg 300w, https:\/\/alcastellorelais.it\/wp-content\/uploads\/2023\/12\/Sfondi-piccoli-responsive-al-castello-relais-vieste10-150x150.jpg 150w, https:\/\/alcastellorelais.it\/wp-content\/uploads\/2023\/12\/Sfondi-piccoli-responsive-al-castello-relais-vieste10-768x768.jpg 768w, https:\/\/alcastellorelais.it\/wp-content\/uploads\/2023\/12\/Sfondi-piccoli-responsive-al-castello-relais-vieste10-570x570.jpg 570w, https:\/\/alcastellorelais.it\/wp-content\/uploads\/2023\/12\/Sfondi-piccoli-responsive-al-castello-relais-vieste10-500x500.jpg 500w, https:\/\/alcastellorelais.it\/wp-content\/uploads\/2023\/12\/Sfondi-piccoli-responsive-al-castello-relais-vieste10-1000x1000.jpg 1000w, https:\/\/alcastellorelais.it\/wp-content\/uploads\/2023\/12\/Sfondi-piccoli-responsive-al-castello-relais-vieste10-700x700.jpg 700w, https:\/\/alcastellorelais.it\/wp-content\/uploads\/2023\/12\/Sfondi-piccoli-responsive-al-castello-relais-vieste10-650x650.jpg 650w, https:\/\/alcastellorelais.it\/wp-content\/uploads\/2023\/12\/Sfondi-piccoli-responsive-al-castello-relais-vieste10.jpg 1080w\" sizes=\"(max-width: 1024px) 100vw, 1024px\" \/>\t\t\t\t\t\t\t\t\t\t\t\t\t\t\t<\/div>\n\t\t\t\t<\/div>\n\t\t\t\t\t<\/div>\n\t\t\t\t<\/div>\n\t\t<div class=\"elementor-element elementor-element-e0a9943 e-flex e-con-boxed parallax_section_no qode_elementor_container_no e-con e-parent\" data-id=\"e0a9943\" data-element_type=\"container\" data-settings=\"{&quot;background_background&quot;:&quot;classic&quot;,&quot;content_width&quot;:&quot;boxed&quot;}\" data-core-v316-plus=\"true\">\n\t\t\t\t\t<div class=\"e-con-inner\">\n\t\t<div class=\"elementor-element elementor-element-4b55987 e-con-full e-flex parallax_section_no qode_elementor_container_no e-con e-child\" data-id=\"4b55987\" data-element_type=\"container\" data-settings=\"{&quot;content_width&quot;:&quot;full&quot;}\">\n\t\t<div class=\"elementor-element elementor-element-845fbce e-con-full e-flex parallax_section_no qode_elementor_container_no e-con e-child\" data-id=\"845fbce\" data-element_type=\"container\" data-settings=\"{&quot;content_width&quot;:&quot;full&quot;}\">\n\t\t\t\t<div class=\"elementor-element elementor-element-b0282cb elementor-hidden-desktop elementor-widget elementor-widget-spacer\" data-id=\"b0282cb\" data-element_type=\"widget\" data-widget_type=\"spacer.default\">\n\t\t\t\t<div class=\"elementor-widget-container\">\n\t\t\t\t\t<div class=\"elementor-spacer\">\n\t\t\t<div class=\"elementor-spacer-inner\"><\/div>\n\t\t<\/div>\n\t\t\t\t<\/div>\n\t\t\t\t<\/div>\n\t\t\t\t<div class=\"elementor-element elementor-element-587ed88 elementor-widget elementor-widget-spacer\" data-id=\"587ed88\" data-element_type=\"widget\" data-widget_type=\"spacer.default\">\n\t\t\t\t<div class=\"elementor-widget-container\">\n\t\t\t\t\t<div class=\"elementor-spacer\">\n\t\t\t<div class=\"elementor-spacer-inner\"><\/div>\n\t\t<\/div>\n\t\t\t\t<\/div>\n\t\t\t\t<\/div>\n\t\t\t\t<div class=\"elementor-element elementor-element-20cf47b elementor-widget elementor-widget-heading\" data-id=\"20cf47b\" data-element_type=\"widget\" data-widget_type=\"heading.default\">\n\t\t\t\t<div class=\"elementor-widget-container\">\n\t\t\t<style>\/*! elementor - v3.17.0 - 08-11-2023 *\/\n.elementor-heading-title{padding:0;margin:0;line-height:1}.elementor-widget-heading .elementor-heading-title[class*=elementor-size-]>a{color:inherit;font-size:inherit;line-height:inherit}.elementor-widget-heading .elementor-heading-title.elementor-size-small{font-size:15px}.elementor-widget-heading .elementor-heading-title.elementor-size-medium{font-size:19px}.elementor-widget-heading .elementor-heading-title.elementor-size-large{font-size:29px}.elementor-widget-heading .elementor-heading-title.elementor-size-xl{font-size:39px}.elementor-widget-heading .elementor-heading-title.elementor-size-xxl{font-size:59px}<\/style><h2 class=\"elementor-heading-title elementor-size-default\">VOIR LES DISPONIBILIT\u00c9S<\/h2>\t\t<\/div>\n\t\t\t\t<\/div>\n\t\t\t\t<div class=\"elementor-element elementor-element-869c4a4 elementor-widget elementor-widget-text-editor\" data-id=\"869c4a4\" data-element_type=\"widget\" data-widget_type=\"text-editor.default\">\n\t\t\t\t<div class=\"elementor-widget-container\">\n\t\t\t<style>\/*! elementor - v3.17.0 - 08-11-2023 *\/\n.elementor-widget-text-editor.elementor-drop-cap-view-stacked .elementor-drop-cap{background-color:#69727d;color:#fff}.elementor-widget-text-editor.elementor-drop-cap-view-framed .elementor-drop-cap{color:#69727d;border:3px solid;background-color:transparent}.elementor-widget-text-editor:not(.elementor-drop-cap-view-default) .elementor-drop-cap{margin-top:8px}.elementor-widget-text-editor:not(.elementor-drop-cap-view-default) .elementor-drop-cap-letter{width:1em;height:1em}.elementor-widget-text-editor .elementor-drop-cap{float:left;text-align:center;line-height:1;font-size:50px}.elementor-widget-text-editor .elementor-drop-cap-letter{display:inline-block}<\/style>\t\t\t\t<span style=\"color: #ffffff;\">Personnalisez votre devis d\u00e8s maintenant ! Cliquez et obtenez la solution sur mesure pour vous. Ne perdez plus de temps, on vous attend d\u00e9j\u00e0!<\/span>\t\t\t\t\t\t<\/div>\n\t\t\t\t<\/div>\n\t\t\t\t<div class=\"elementor-element elementor-element-caf1f50 elementor-widget elementor-widget-spacer\" data-id=\"caf1f50\" data-element_type=\"widget\" data-widget_type=\"spacer.default\">\n\t\t\t\t<div class=\"elementor-widget-container\">\n\t\t\t\t\t<div class=\"elementor-spacer\">\n\t\t\t<div class=\"elementor-spacer-inner\"><\/div>\n\t\t<\/div>\n\t\t\t\t<\/div>\n\t\t\t\t<\/div>\n\t\t\t\t<\/div>\n\t\t\t\t<\/div>\n\t\t<div class=\"elementor-element elementor-element-d7bac77 e-con-full e-flex parallax_section_no qode_elementor_container_no e-con e-child\" data-id=\"d7bac77\" data-element_type=\"container\" data-settings=\"{&quot;content_width&quot;:&quot;full&quot;}\">\n\t\t<div class=\"elementor-element elementor-element-db2aa21 e-con-full e-flex parallax_section_no qode_elementor_container_no elementor-invisible e-con e-child\" data-id=\"db2aa21\" data-element_type=\"container\" data-settings=\"{&quot;content_width&quot;:&quot;full&quot;,&quot;animation&quot;:&quot;fadeIn&quot;}\">\n\t\t\t\t<div class=\"elementor-element elementor-element-006ded4 elementor-hidden-tablet elementor-hidden-mobile elementor-widget elementor-widget-spacer\" data-id=\"006ded4\" data-element_type=\"widget\" data-widget_type=\"spacer.default\">\n\t\t\t\t<div class=\"elementor-widget-container\">\n\t\t\t\t\t<div class=\"elementor-spacer\">\n\t\t\t<div class=\"elementor-spacer-inner\"><\/div>\n\t\t<\/div>\n\t\t\t\t<\/div>\n\t\t\t\t<\/div>\n\t\t\t\t<div class=\"elementor-element elementor-element-ff20b1e elementor-widget elementor-widget-bridge_button\" data-id=\"ff20b1e\" data-element_type=\"widget\" data-widget_type=\"bridge_button.default\">\n\t\t\t\t<div class=\"elementor-widget-container\">\n\t\t\t<a  itemprop=\"url\" href=\"https:\/\/us2.cloudbeds.com\/fr\/reservation\/8EKN1B?currency=eur\" target=\"_self\" data-hover-background-color='#025174' data-hover-color='#FFFFFF' class=\"qbutton  white default\" style=\"color: #FFFFFF; border-color: #FFFFFF; font-weight: 600; text-transform: uppercase; font-size: 18px; \">R\u00e9servez maintenant<i class=\"qode_icon_font_awesome fa fa-check qode_button_icon_element\" style=\"\" ><\/i><\/a>\t\t<\/div>\n\t\t\t\t<\/div>\n\t\t\t\t<div class=\"elementor-element elementor-element-ab0eec4 elementor-hidden-desktop elementor-widget elementor-widget-spacer\" data-id=\"ab0eec4\" data-element_type=\"widget\" data-widget_type=\"spacer.default\">\n\t\t\t\t<div class=\"elementor-widget-container\">\n\t\t\t\t\t<div class=\"elementor-spacer\">\n\t\t\t<div class=\"elementor-spacer-inner\"><\/div>\n\t\t<\/div>\n\t\t\t\t<\/div>\n\t\t\t\t<\/div>\n\t\t\t\t<\/div>\n\t\t\t\t<\/div>\n\t\t\t\t\t<\/div>\n\t\t\t\t<\/div>\n\t\t<div class=\"elementor-element elementor-element-657fbdf e-flex e-con-boxed parallax_section_no qode_elementor_container_no e-con e-parent\" data-id=\"657fbdf\" data-element_type=\"container\" data-settings=\"{&quot;content_width&quot;:&quot;boxed&quot;}\" data-core-v316-plus=\"true\">\n\t\t\t\t\t<div class=\"e-con-inner\">\n\t\t\t\t<div class=\"elementor-element elementor-element-decbe64 elementor-widget elementor-widget-heading\" data-id=\"decbe64\" data-element_type=\"widget\" data-widget_type=\"heading.default\">\n\t\t\t\t<div class=\"elementor-widget-container\">\n\t\t\t<h2 class=\"elementor-heading-title elementor-size-default\">CONDITIONS DE LOCATION<\/h2>\t\t<\/div>\n\t\t\t\t<\/div>\n\t\t\t\t<div class=\"elementor-element elementor-element-11c2279 elementor-widget elementor-widget-text-editor\" data-id=\"11c2279\" data-element_type=\"widget\" data-widget_type=\"text-editor.default\">\n\t\t\t\t<div class=\"elementor-widget-container\">\n\t\t\t\t\t\t\t<ul><li><p>Tous les invit\u00e9s doivent se conformer aux R\u00e8gles du Relais pendant leur s\u00e9jour.<\/p><\/li><\/ul><p>\u00a0<\/p><ul><li><p>Les invit\u00e9s seront tenus de pr\u00e9senter une pi\u00e8ce d&#8217;identit\u00e9 valide, conform\u00e9ment \u00e0 la loi, lors de l&#8217;enregistrement.<\/p><\/li><\/ul><p>\u00a0<\/p><ul><li><p>Les invit\u00e9s sont responsables de la s\u00e9curit\u00e9 de leurs enfants, ainsi que de tout comportement pouvant causer des nuisances aux autres r\u00e9sidents du voisinage.<\/p><\/li><\/ul><p>\u00a0<\/p><ul><li><p>Les invit\u00e9s sont pri\u00e9s de r\u00e9duire le bruit au minimum pour ne pas d\u00e9ranger les occupants des propri\u00e9t\u00e9s voisines, surtout pendant les heures nocturnes.<\/p><\/li><\/ul><p>\u00a0<\/p><ul><li><p>Il est interdit de recevoir des visiteurs.<\/p><\/li><\/ul><p>\u00a0<\/p><ul><li><p>Tout s\u00e9jour des visiteurs doit \u00eatre pr\u00e9alablement approuv\u00e9 par la direction et est soumis \u00e0 des frais suppl\u00e9mentaires.<\/p><\/li><\/ul><p>\u00a0<\/p><ul><li><p>Les f\u00eates et les r\u00e9unions sont interdites \u00e0 l&#8217;int\u00e9rieur de la propri\u00e9t\u00e9.<\/p><\/li><\/ul><p>\u00a0<\/p><ul><li><p>Il est aimablement demand\u00e9 aux invit\u00e9s d&#8217;\u00e9teindre les lumi\u00e8res, les appareils \u00e9lectrom\u00e9nagers et la t\u00e9l\u00e9vision pour \u00e9conomiser l&#8217;\u00e9nergie.<\/p><\/li><\/ul><p>\u00a0<\/p><ul><li><p>Il est interdit de fumer \u00e0 l&#8217;int\u00e9rieur du Relais.<\/p><\/li><\/ul><p>\u00a0<\/p><ul><li><p>Tout dommage ou casse doit \u00eatre signal\u00e9 promptement au gestionnaire du Relais.<\/p><\/li><\/ul><p>\u00a0<\/p><ul><li><p>Les chiens de petite\/moyenne taille sont admis sur accord pr\u00e9alable et avec des frais de nettoyage suppl\u00e9mentaires.<\/p><\/li><\/ul><p>\u00a0<\/p><ul><li><p>Le propri\u00e9taire se r\u00e9serve le droit de r\u00e9voquer la possibilit\u00e9 de s\u00e9jour des invit\u00e9s s&#8217;ils ne se conforment pas aux r\u00e8gles de la maison.<\/p><\/li><\/ul>\t\t\t\t\t\t<\/div>\n\t\t\t\t<\/div>\n\t\t\t\t\t<\/div>\n\t\t\t\t<\/div>\n\t\t\t\t\t\t\t<\/div>\n\t\t","protected":false},"excerpt":{"rendered":"<p>VOIR LES DISPONIBILIT\u00c9S Personnalisez votre devis d\u00e8s maintenant ! Cliquez et obtenez la solution sur mesure pour vous. Ne perdez plus de temps, on vous attend d\u00e9j\u00e0! R\u00e9servez maintenant CONDITIONS DE LOCATION Tous les invit\u00e9s doivent se conformer aux R\u00e8gles du Relais pendant leur s\u00e9jour&#8230;.<\/p>\n","protected":false},"author":1,"featured_media":4135,"parent":0,"menu_order":0,"comment_status":"closed","ping_status":"closed","template":"full_width.php","meta":{"footnotes":""},"yoast_head":"<!-- This site is optimized with the Yoast SEO plugin v21.7 - https:\/\/yoast.com\/wordpress\/plugins\/seo\/ -->\n<title>Conditions de location - Bnb a Vieste nel centro storico a due passi dal mare<\/title>\n<meta name=\"robots\" content=\"index, follow, max-snippet:-1, max-image-preview:large, max-video-preview:-1\" \/>\n<link rel=\"canonical\" href=\"https:\/\/alcastellorelais.it\/fr\/condizioni-di-locazione\/\" \/>\n<meta property=\"og:locale\" content=\"fr_FR\" \/>\n<meta property=\"og:type\" content=\"article\" \/>\n<meta property=\"og:title\" content=\"Conditions de location - Bnb a Vieste nel centro storico a due passi dal mare\" \/>\n<meta property=\"og:description\" content=\"VOIR LES DISPONIBILIT\u00c9S Personnalisez votre devis d\u00e8s maintenant ! Cliquez et obtenez la solution sur mesure pour vous. Ne perdez plus de temps, on vous attend d\u00e9j\u00e0! R\u00e9servez maintenant CONDITIONS DE LOCATION Tous les invit\u00e9s doivent se conformer aux R\u00e8gles du Relais pendant leur s\u00e9jour....\" \/>\n<meta property=\"og:url\" content=\"https:\/\/alcastellorelais.it\/fr\/condizioni-di-locazione\/\" \/>\n<meta property=\"og:site_name\" content=\"Bnb a Vieste nel centro storico a due passi dal mare\" \/>\n<meta property=\"article:modified_time\" content=\"2024-07-03T16:47:41+00:00\" \/>\n<meta property=\"og:image\" content=\"https:\/\/alcastellorelais.it\/wp-content\/uploads\/2023\/11\/Foto-Al-Castello-Relais-beb-a-Vieste12.jpg\" \/>\n\t<meta property=\"og:image:width\" content=\"1600\" \/>\n\t<meta property=\"og:image:height\" content=\"1066\" \/>\n\t<meta property=\"og:image:type\" content=\"image\/jpeg\" \/>\n<meta name=\"twitter:card\" content=\"summary_large_image\" \/>\n<meta name=\"twitter:label1\" content=\"Est. reading time\" \/>\n\t<meta name=\"twitter:data1\" content=\"2 minutes\" \/>\n<script type=\"application\/ld+json\" class=\"yoast-schema-graph\">{\"@context\":\"https:\/\/schema.org\",\"@graph\":[{\"@type\":\"WebPage\",\"@id\":\"https:\/\/alcastellorelais.it\/fr\/condizioni-di-locazione\/\",\"url\":\"https:\/\/alcastellorelais.it\/fr\/condizioni-di-locazione\/\",\"name\":\"Conditions de location - Bnb a Vieste nel centro storico a due passi dal mare\",\"isPartOf\":{\"@id\":\"https:\/\/alcastellorelais.it\/#website\"},\"datePublished\":\"2024-04-19T14:39:08+00:00\",\"dateModified\":\"2024-07-03T16:47:41+00:00\",\"breadcrumb\":{\"@id\":\"https:\/\/alcastellorelais.it\/fr\/condizioni-di-locazione\/#breadcrumb\"},\"inLanguage\":\"fr-FR\",\"potentialAction\":[{\"@type\":\"ReadAction\",\"target\":[\"https:\/\/alcastellorelais.it\/fr\/condizioni-di-locazione\/\"]}]},{\"@type\":\"BreadcrumbList\",\"@id\":\"https:\/\/alcastellorelais.it\/fr\/condizioni-di-locazione\/#breadcrumb\",\"itemListElement\":[{\"@type\":\"ListItem\",\"position\":1,\"name\":\"Home\",\"item\":\"https:\/\/alcastellorelais.it\/fr\/\"},{\"@type\":\"ListItem\",\"position\":2,\"name\":\"Conditions de location\"}]},{\"@type\":\"WebSite\",\"@id\":\"https:\/\/alcastellorelais.it\/#website\",\"url\":\"https:\/\/alcastellorelais.it\/\",\"name\":\"Bnb a Vieste nel centro storico a due passi dal mare\",\"description\":\"Bad e breakfast a Vieste in centro\",\"potentialAction\":[{\"@type\":\"SearchAction\",\"target\":{\"@type\":\"EntryPoint\",\"urlTemplate\":\"https:\/\/alcastellorelais.it\/?s={search_term_string}\"},\"query-input\":\"required name=search_term_string\"}],\"inLanguage\":\"fr-FR\"}]}<\/script>\n<!-- \/ Yoast SEO plugin. -->","yoast_head_json":{"title":"Conditions de location - Bnb a Vieste nel centro storico a due passi dal mare","robots":{"index":"index","follow":"follow","max-snippet":"max-snippet:-1","max-image-preview":"max-image-preview:large","max-video-preview":"max-video-preview:-1"},"canonical":"https:\/\/alcastellorelais.it\/fr\/condizioni-di-locazione\/","og_locale":"fr_FR","og_type":"article","og_title":"Conditions de location - Bnb a Vieste nel centro storico a due passi dal mare","og_description":"VOIR LES DISPONIBILIT\u00c9S Personnalisez votre devis d\u00e8s maintenant ! Cliquez et obtenez la solution sur mesure pour vous. Ne perdez plus de temps, on vous attend d\u00e9j\u00e0! R\u00e9servez maintenant CONDITIONS DE LOCATION Tous les invit\u00e9s doivent se conformer aux R\u00e8gles du Relais pendant leur s\u00e9jour....","og_url":"https:\/\/alcastellorelais.it\/fr\/condizioni-di-locazione\/","og_site_name":"Bnb a Vieste nel centro storico a due passi dal mare","article_modified_time":"2024-07-03T16:47:41+00:00","og_image":[{"width":1600,"height":1066,"url":"https:\/\/alcastellorelais.it\/wp-content\/uploads\/2023\/11\/Foto-Al-Castello-Relais-beb-a-Vieste12.jpg","type":"image\/jpeg"}],"twitter_card":"summary_large_image","twitter_misc":{"Est. reading time":"2 minutes"},"schema":{"@context":"https:\/\/schema.org","@graph":[{"@type":"WebPage","@id":"https:\/\/alcastellorelais.it\/fr\/condizioni-di-locazione\/","url":"https:\/\/alcastellorelais.it\/fr\/condizioni-di-locazione\/","name":"Conditions de location - Bnb a Vieste nel centro storico a due passi dal mare","isPartOf":{"@id":"https:\/\/alcastellorelais.it\/#website"},"datePublished":"2024-04-19T14:39:08+00:00","dateModified":"2024-07-03T16:47:41+00:00","breadcrumb":{"@id":"https:\/\/alcastellorelais.it\/fr\/condizioni-di-locazione\/#breadcrumb"},"inLanguage":"fr-FR","potentialAction":[{"@type":"ReadAction","target":["https:\/\/alcastellorelais.it\/fr\/condizioni-di-locazione\/"]}]},{"@type":"BreadcrumbList","@id":"https:\/\/alcastellorelais.it\/fr\/condizioni-di-locazione\/#breadcrumb","itemListElement":[{"@type":"ListItem","position":1,"name":"Home","item":"https:\/\/alcastellorelais.it\/fr\/"},{"@type":"ListItem","position":2,"name":"Conditions de location"}]},{"@type":"WebSite","@id":"https:\/\/alcastellorelais.it\/#website","url":"https:\/\/alcastellorelais.it\/","name":"Bnb a Vieste nel centro storico a due passi dal mare","description":"Bad e breakfast a Vieste in centro","potentialAction":[{"@type":"SearchAction","target":{"@type":"EntryPoint","urlTemplate":"https:\/\/alcastellorelais.it\/?s={search_term_string}"},"query-input":"required name=search_term_string"}],"inLanguage":"fr-FR"}]}},"_links":{"self":[{"href":"https:\/\/alcastellorelais.it\/fr\/wp-json\/wp\/v2\/pages\/4267"}],"collection":[{"href":"https:\/\/alcastellorelais.it\/fr\/wp-json\/wp\/v2\/pages"}],"about":[{"href":"https:\/\/alcastellorelais.it\/fr\/wp-json\/wp\/v2\/types\/page"}],"author":[{"embeddable":true,"href":"https:\/\/alcastellorelais.it\/fr\/wp-json\/wp\/v2\/users\/1"}],"replies":[{"embeddable":true,"href":"https:\/\/alcastellorelais.it\/fr\/wp-json\/wp\/v2\/comments?post=4267"}],"version-history":[{"count":24,"href":"https:\/\/alcastellorelais.it\/fr\/wp-json\/wp\/v2\/pages\/4267\/revisions"}],"predecessor-version":[{"id":6675,"href":"https:\/\/alcastellorelais.it\/fr\/wp-json\/wp\/v2\/pages\/4267\/revisions\/6675"}],"wp:featuredmedia":[{"embeddable":true,"href":"https:\/\/alcastellorelais.it\/fr\/wp-json\/wp\/v2\/media\/4135"}],"wp:attachment":[{"href":"https:\/\/alcastellorelais.it\/fr\/wp-json\/wp\/v2\/media?parent=4267"}],"curies":[{"name":"wp","href":"https:\/\/api.w.org\/{rel}","templated":true}]}}