{"id":6533,"date":"2023-12-14T17:17:10","date_gmt":"2023-12-14T16:17:10","guid":{"rendered":"https:\/\/alcastellorelais.it\/cookie-policy\/"},"modified":"2024-07-02T22:41:09","modified_gmt":"2024-07-02T20:41:09","slug":"cookie-policy","status":"publish","type":"page","link":"https:\/\/alcastellorelais.it\/de\/cookie-policy\/","title":{"rendered":"Cookie policy"},"content":{"rendered":"\t\t<div data-elementor-type=\"wp-page\" data-elementor-id=\"6533\" class=\"elementor elementor-6533\">\n\t\t\t\t\t\t\t<div class=\"elementor-element elementor-element-d29370f e-con-full elementor-hidden-tablet elementor-hidden-mobile e-flex parallax_section_no qode_elementor_container_no e-con e-parent\" data-id=\"d29370f\" data-element_type=\"container\" data-settings=\"{&quot;content_width&quot;:&quot;full&quot;,&quot;background_background&quot;:&quot;classic&quot;}\" data-core-v316-plus=\"true\">\n\t\t\t\t<div class=\"elementor-element elementor-element-c664f9d elementor-widget elementor-widget-spacer\" data-id=\"c664f9d\" data-element_type=\"widget\" data-widget_type=\"spacer.default\">\n\t\t\t\t<div class=\"elementor-widget-container\">\n\t\t\t<style>\/*! elementor - v3.17.0 - 08-11-2023 *\/\n.elementor-column .elementor-spacer-inner{height:var(--spacer-size)}.e-con{--container-widget-width:100%}.e-con-inner>.elementor-widget-spacer,.e-con>.elementor-widget-spacer{width:var(--container-widget-width,var(--spacer-size));--align-self:var(--container-widget-align-self,initial);--flex-shrink:0}.e-con-inner>.elementor-widget-spacer>.elementor-widget-container,.e-con>.elementor-widget-spacer>.elementor-widget-container{height:100%;width:100%}.e-con-inner>.elementor-widget-spacer>.elementor-widget-container>.elementor-spacer,.e-con>.elementor-widget-spacer>.elementor-widget-container>.elementor-spacer{height:100%}.e-con-inner>.elementor-widget-spacer>.elementor-widget-container>.elementor-spacer>.elementor-spacer-inner,.e-con>.elementor-widget-spacer>.elementor-widget-container>.elementor-spacer>.elementor-spacer-inner{height:var(--container-widget-height,var(--spacer-size))}.e-con-inner>.elementor-widget-spacer.elementor-widget-empty,.e-con>.elementor-widget-spacer.elementor-widget-empty{position:relative;min-height:22px;min-width:22px}.e-con-inner>.elementor-widget-spacer.elementor-widget-empty .elementor-widget-empty-icon,.e-con>.elementor-widget-spacer.elementor-widget-empty .elementor-widget-empty-icon{position:absolute;top:0;bottom:0;left:0;right:0;margin:auto;padding:0;width:22px;height:22px}<\/style>\t\t<div class=\"elementor-spacer\">\n\t\t\t<div class=\"elementor-spacer-inner\"><\/div>\n\t\t<\/div>\n\t\t\t\t<\/div>\n\t\t\t\t<\/div>\n\t\t\t\t<div class=\"elementor-element elementor-element-1ab93fa elementor-widget elementor-widget-spacer\" data-id=\"1ab93fa\" data-element_type=\"widget\" data-widget_type=\"spacer.default\">\n\t\t\t\t<div class=\"elementor-widget-container\">\n\t\t\t\t\t<div class=\"elementor-spacer\">\n\t\t\t<div class=\"elementor-spacer-inner\"><\/div>\n\t\t<\/div>\n\t\t\t\t<\/div>\n\t\t\t\t<\/div>\n\t\t\t\t<\/div>\n\t\t<div class=\"elementor-element elementor-element-75a8f05 e-con-full e-flex parallax_section_no qode_elementor_container_no e-con e-parent\" data-id=\"75a8f05\" data-element_type=\"container\" data-settings=\"{&quot;content_width&quot;:&quot;full&quot;}\" data-core-v316-plus=\"true\">\n\t\t\t\t<div class=\"elementor-element elementor-element-75785c2 elementor-hidden-desktop elementor-widget elementor-widget-image\" data-id=\"75785c2\" data-element_type=\"widget\" data-widget_type=\"image.default\">\n\t\t\t\t<div class=\"elementor-widget-container\">\n\t\t\t<style>\/*! elementor - v3.17.0 - 08-11-2023 *\/\n.elementor-widget-image{text-align:center}.elementor-widget-image a{display:inline-block}.elementor-widget-image a img[src$=\".svg\"]{width:48px}.elementor-widget-image img{vertical-align:middle;display:inline-block}<\/style>\t\t\t\t\t\t\t\t\t\t\t\t<img fetchpriority=\"high\" decoding=\"async\" width=\"1080\" height=\"1080\" src=\"https:\/\/alcastellorelais.it\/wp-content\/uploads\/2023\/12\/Sfondi-piccoli-responsive-al-castello-relais-vieste10.jpg\" class=\"attachment-full size-full wp-image-1987\" alt=\"\" srcset=\"https:\/\/alcastellorelais.it\/wp-content\/uploads\/2023\/12\/Sfondi-piccoli-responsive-al-castello-relais-vieste10.jpg 1080w, https:\/\/alcastellorelais.it\/wp-content\/uploads\/2023\/12\/Sfondi-piccoli-responsive-al-castello-relais-vieste10-300x300.jpg 300w, https:\/\/alcastellorelais.it\/wp-content\/uploads\/2023\/12\/Sfondi-piccoli-responsive-al-castello-relais-vieste10-1024x1024.jpg 1024w, https:\/\/alcastellorelais.it\/wp-content\/uploads\/2023\/12\/Sfondi-piccoli-responsive-al-castello-relais-vieste10-150x150.jpg 150w, https:\/\/alcastellorelais.it\/wp-content\/uploads\/2023\/12\/Sfondi-piccoli-responsive-al-castello-relais-vieste10-768x768.jpg 768w, https:\/\/alcastellorelais.it\/wp-content\/uploads\/2023\/12\/Sfondi-piccoli-responsive-al-castello-relais-vieste10-570x570.jpg 570w, https:\/\/alcastellorelais.it\/wp-content\/uploads\/2023\/12\/Sfondi-piccoli-responsive-al-castello-relais-vieste10-500x500.jpg 500w, https:\/\/alcastellorelais.it\/wp-content\/uploads\/2023\/12\/Sfondi-piccoli-responsive-al-castello-relais-vieste10-1000x1000.jpg 1000w, https:\/\/alcastellorelais.it\/wp-content\/uploads\/2023\/12\/Sfondi-piccoli-responsive-al-castello-relais-vieste10-700x700.jpg 700w, https:\/\/alcastellorelais.it\/wp-content\/uploads\/2023\/12\/Sfondi-piccoli-responsive-al-castello-relais-vieste10-650x650.jpg 650w\" sizes=\"(max-width: 1080px) 100vw, 1080px\" \/>\t\t\t\t\t\t\t\t\t\t\t\t\t\t\t<\/div>\n\t\t\t\t<\/div>\n\t\t\t\t<\/div>\n\t\t\t\t<section class=\"elementor-section elementor-top-section elementor-element elementor-element-ef3745b elementor-section-boxed elementor-section-height-default elementor-section-height-default parallax_section_no qode_elementor_container_no\" data-id=\"ef3745b\" data-element_type=\"section\">\n\t\t\t\t\t\t<div class=\"elementor-container elementor-column-gap-default\">\n\t\t\t\t\t<div class=\"elementor-column elementor-col-100 elementor-top-column elementor-element elementor-element-193d55e\" data-id=\"193d55e\" data-element_type=\"column\">\n\t\t\t<div class=\"elementor-widget-wrap elementor-element-populated\">\n\t\t\t\t\t\t\t\t<div class=\"elementor-element elementor-element-1f29f64 elementor-widget elementor-widget-spacer\" data-id=\"1f29f64\" data-element_type=\"widget\" data-widget_type=\"spacer.default\">\n\t\t\t\t<div class=\"elementor-widget-container\">\n\t\t\t\t\t<div class=\"elementor-spacer\">\n\t\t\t<div class=\"elementor-spacer-inner\"><\/div>\n\t\t<\/div>\n\t\t\t\t<\/div>\n\t\t\t\t<\/div>\n\t\t\t\t<div class=\"elementor-element elementor-element-16203ba elementor-widget elementor-widget-text-editor\" data-id=\"16203ba\" data-element_type=\"widget\" data-widget_type=\"text-editor.default\">\n\t\t\t\t<div class=\"elementor-widget-container\">\n\t\t\t<style>\/*! elementor - v3.17.0 - 08-11-2023 *\/\n.elementor-widget-text-editor.elementor-drop-cap-view-stacked .elementor-drop-cap{background-color:#69727d;color:#fff}.elementor-widget-text-editor.elementor-drop-cap-view-framed .elementor-drop-cap{color:#69727d;border:3px solid;background-color:transparent}.elementor-widget-text-editor:not(.elementor-drop-cap-view-default) .elementor-drop-cap{margin-top:8px}.elementor-widget-text-editor:not(.elementor-drop-cap-view-default) .elementor-drop-cap-letter{width:1em;height:1em}.elementor-widget-text-editor .elementor-drop-cap{float:left;text-align:center;line-height:1;font-size:50px}.elementor-widget-text-editor .elementor-drop-cap-letter{display:inline-block}<\/style>\t\t\t\t<h2>Informationen zu Technischen Cookies<\/h2><p>Diese Informationen zu Cookies betreffen die Verwendung technischer Cookies auf unserer Website. Technische Cookies sind f\u00fcr das ordnungsgem\u00e4\u00dfe Funktionieren der Website unerl\u00e4sslich und werden nicht f\u00fcr Profilierungszwecke der Benutzer verwendet.<br \/>Was sind Technische Cookies?<\/p><p>\u00a0<\/p><p>Technische Cookies sind kleine Textdateien, die auf Ihrem Ger\u00e4t gespeichert werden, wenn Sie unsere Website besuchen. Diese Cookies sind notwendig, um das ordnungsgem\u00e4\u00dfe Funktionieren der Website zu gew\u00e4hrleisten und den Benutzern ein besseres Navigationserlebnis zu bieten.<\/p><p>\u00a0<\/p><p><b>Arten von verwendeten Technischen Cookies:<\/b><\/p><p>\u00a0<\/p><ul><li><b>Sitzungscookies:<\/b> Diese Cookies sind tempor\u00e4r und werden automatisch gel\u00f6scht, wenn Sie Ihren Browser schlie\u00dfen. Sie werden verwendet, um eine effiziente Navigation auf der Website zu gew\u00e4hrleisten und Ihnen den Zugriff und die Nutzung der Funktionen der Website zu erm\u00f6glichen.<\/li><li><b>Pr\u00e4ferenz-Cookies:<\/b> Diese Cookies speichern Ihre Pr\u00e4ferenzen, wie Sprache oder Region, um Ihr Navigationserlebnis auf unserer Website zu verbessern.<\/li><li><b>Sicherheits-Cookies:<\/b> Diese Cookies werden verwendet, um die Sicherheit Ihrer Informationen w\u00e4hrend der Navigation zu gew\u00e4hrleisten und die Website vor betr\u00fcgerischen Aktivit\u00e4ten zu sch\u00fctzen.<\/li><li><b>Analyse-Cookies:<\/b> Wir verwenden Webanalysetools, um anonyme Informationen \u00fcber Besuche auf unserer Website zu sammeln. Diese Cookies helfen uns zu verstehen, wie Benutzer mit der Website interagieren, und die Benutzerfreundlichkeit zu verbessern.<\/li><\/ul><p>\u00a0<\/p><p><b>Wie man Cookies verwaltet:<\/b><br \/>Sie k\u00f6nnen Cookies \u00fcber die Einstellungen Ihres Browsers verwalten. Sie k\u00f6nnen w\u00e4hlen, ob Sie Cookies akzeptieren oder ablehnen und auch gespeicherte Cookies auf Ihrem Ger\u00e4t l\u00f6schen m\u00f6chten. Bitte beachten Sie jedoch, dass die Deaktivierung technischer Cookies die Funktionalit\u00e4t der Website beeintr\u00e4chtigen kann und Sie m\u00f6glicherweise nicht auf bestimmte Teile oder Funktionen zugreifen k\u00f6nnen.<\/p><p>\u00a0<\/p><p><b>Schlussfolgerungen:<\/b><\/p><p>Unsere Website verwendet technische Cookies, um ihr ordnungsgem\u00e4\u00dfes Funktionieren sicherzustellen und die Benutzererfahrung zu verbessern. Wir verwenden keine Profilierungs-Cookies, um pers\u00f6nliche Informationen der Benutzer zu sammeln. Durch die weitere Nutzung unserer Website stimmen Sie der Verwendung technischer Cookies wie in diesen Informationen beschrieben zu.<\/p><p>\u00a0<\/p><p>F\u00fcr weitere Informationen oder Anfragen zu unserer Cookie-Richtlinie kontaktieren Sie uns bitte \u00fcber unsere Kontaktkan\u00e4le.<\/p><p>Letzte Aktualisierung: Dezember 2023<\/p>\t\t\t\t\t\t<\/div>\n\t\t\t\t<\/div>\n\t\t\t\t<div class=\"elementor-element elementor-element-72c217d elementor-widget elementor-widget-spacer\" data-id=\"72c217d\" data-element_type=\"widget\" data-widget_type=\"spacer.default\">\n\t\t\t\t<div class=\"elementor-widget-container\">\n\t\t\t\t\t<div class=\"elementor-spacer\">\n\t\t\t<div class=\"elementor-spacer-inner\"><\/div>\n\t\t<\/div>\n\t\t\t\t<\/div>\n\t\t\t\t<\/div>\n\t\t\t\t\t<\/div>\n\t\t<\/div>\n\t\t\t\t\t\t\t<\/div>\n\t\t<\/section>\n\t\t\t\t\t\t\t<\/div>\n\t\t","protected":false},"excerpt":{"rendered":"<p>Informationen zu Technischen Cookies Diese Informationen zu Cookies betreffen die Verwendung technischer Cookies auf unserer Website. Technische Cookies sind f\u00fcr das ordnungsgem\u00e4\u00dfe Funktionieren der Website unerl\u00e4sslich und werden nicht f\u00fcr Profilierungszwecke der Benutzer verwendet.Was sind Technische Cookies? \u00a0 Technische Cookies sind kleine Textdateien, die auf&#8230;<\/p>\n","protected":false},"author":1,"featured_media":6313,"parent":0,"menu_order":0,"comment_status":"closed","ping_status":"closed","template":"full_width.php","meta":{"footnotes":""},"yoast_head":"<!-- This site is optimized with the Yoast SEO plugin v21.7 - https:\/\/yoast.com\/wordpress\/plugins\/seo\/ -->\n<title>Cookie policy - Bnb a Vieste nel centro storico a due passi dal mare<\/title>\n<meta name=\"robots\" content=\"index, follow, max-snippet:-1, max-image-preview:large, max-video-preview:-1\" \/>\n<link rel=\"canonical\" href=\"https:\/\/alcastellorelais.it\/de\/cookie-policy\/\" \/>\n<meta property=\"og:locale\" content=\"de_DE\" \/>\n<meta property=\"og:type\" content=\"article\" \/>\n<meta property=\"og:title\" content=\"Cookie policy - Bnb a Vieste nel centro storico a due passi dal mare\" \/>\n<meta property=\"og:description\" content=\"Informationen zu Technischen Cookies Diese Informationen zu Cookies betreffen die Verwendung technischer Cookies auf unserer Website. Technische Cookies sind f\u00fcr das ordnungsgem\u00e4\u00dfe Funktionieren der Website unerl\u00e4sslich und werden nicht f\u00fcr Profilierungszwecke der Benutzer verwendet.Was sind Technische Cookies? \u00a0 Technische Cookies sind kleine Textdateien, die auf...\" \/>\n<meta property=\"og:url\" content=\"https:\/\/alcastellorelais.it\/de\/cookie-policy\/\" \/>\n<meta property=\"og:site_name\" content=\"Bnb a Vieste nel centro storico a due passi dal mare\" \/>\n<meta property=\"article:modified_time\" content=\"2024-07-02T20:41:09+00:00\" \/>\n<meta property=\"og:image\" content=\"https:\/\/alcastellorelais.it\/wp-content\/uploads\/2023\/12\/copertine-pagine-al-castello-relais-vieste3.jpg\" \/>\n\t<meta property=\"og:image:width\" content=\"1600\" \/>\n\t<meta property=\"og:image:height\" content=\"1067\" \/>\n\t<meta property=\"og:image:type\" content=\"image\/jpeg\" \/>\n<meta name=\"twitter:card\" content=\"summary_large_image\" \/>\n<meta name=\"twitter:label1\" content=\"Est. reading time\" \/>\n\t<meta name=\"twitter:data1\" content=\"2 Minuten\" \/>\n<script type=\"application\/ld+json\" class=\"yoast-schema-graph\">{\"@context\":\"https:\/\/schema.org\",\"@graph\":[{\"@type\":\"WebPage\",\"@id\":\"https:\/\/alcastellorelais.it\/de\/cookie-policy\/\",\"url\":\"https:\/\/alcastellorelais.it\/de\/cookie-policy\/\",\"name\":\"Cookie policy - Bnb a Vieste nel centro storico a due passi dal mare\",\"isPartOf\":{\"@id\":\"https:\/\/alcastellorelais.it\/#website\"},\"datePublished\":\"2023-12-14T16:17:10+00:00\",\"dateModified\":\"2024-07-02T20:41:09+00:00\",\"breadcrumb\":{\"@id\":\"https:\/\/alcastellorelais.it\/de\/cookie-policy\/#breadcrumb\"},\"inLanguage\":\"de-DE\",\"potentialAction\":[{\"@type\":\"ReadAction\",\"target\":[\"https:\/\/alcastellorelais.it\/de\/cookie-policy\/\"]}]},{\"@type\":\"BreadcrumbList\",\"@id\":\"https:\/\/alcastellorelais.it\/de\/cookie-policy\/#breadcrumb\",\"itemListElement\":[{\"@type\":\"ListItem\",\"position\":1,\"name\":\"Home\",\"item\":\"https:\/\/alcastellorelais.it\/de\/\"},{\"@type\":\"ListItem\",\"position\":2,\"name\":\"Cookie policy\"}]},{\"@type\":\"WebSite\",\"@id\":\"https:\/\/alcastellorelais.it\/#website\",\"url\":\"https:\/\/alcastellorelais.it\/\",\"name\":\"Bnb a Vieste nel centro storico a due passi dal mare\",\"description\":\"Bad e breakfast a Vieste in centro\",\"potentialAction\":[{\"@type\":\"SearchAction\",\"target\":{\"@type\":\"EntryPoint\",\"urlTemplate\":\"https:\/\/alcastellorelais.it\/?s={search_term_string}\"},\"query-input\":\"required name=search_term_string\"}],\"inLanguage\":\"de-DE\"}]}<\/script>\n<!-- \/ Yoast SEO plugin. -->","yoast_head_json":{"title":"Cookie policy - Bnb a Vieste nel centro storico a due passi dal mare","robots":{"index":"index","follow":"follow","max-snippet":"max-snippet:-1","max-image-preview":"max-image-preview:large","max-video-preview":"max-video-preview:-1"},"canonical":"https:\/\/alcastellorelais.it\/de\/cookie-policy\/","og_locale":"de_DE","og_type":"article","og_title":"Cookie policy - Bnb a Vieste nel centro storico a due passi dal mare","og_description":"Informationen zu Technischen Cookies Diese Informationen zu Cookies betreffen die Verwendung technischer Cookies auf unserer Website. Technische Cookies sind f\u00fcr das ordnungsgem\u00e4\u00dfe Funktionieren der Website unerl\u00e4sslich und werden nicht f\u00fcr Profilierungszwecke der Benutzer verwendet.Was sind Technische Cookies? \u00a0 Technische Cookies sind kleine Textdateien, die auf...","og_url":"https:\/\/alcastellorelais.it\/de\/cookie-policy\/","og_site_name":"Bnb a Vieste nel centro storico a due passi dal mare","article_modified_time":"2024-07-02T20:41:09+00:00","og_image":[{"width":1600,"height":1067,"url":"https:\/\/alcastellorelais.it\/wp-content\/uploads\/2023\/12\/copertine-pagine-al-castello-relais-vieste3.jpg","type":"image\/jpeg"}],"twitter_card":"summary_large_image","twitter_misc":{"Est. reading time":"2 Minuten"},"schema":{"@context":"https:\/\/schema.org","@graph":[{"@type":"WebPage","@id":"https:\/\/alcastellorelais.it\/de\/cookie-policy\/","url":"https:\/\/alcastellorelais.it\/de\/cookie-policy\/","name":"Cookie policy - Bnb a Vieste nel centro storico a due passi dal mare","isPartOf":{"@id":"https:\/\/alcastellorelais.it\/#website"},"datePublished":"2023-12-14T16:17:10+00:00","dateModified":"2024-07-02T20:41:09+00:00","breadcrumb":{"@id":"https:\/\/alcastellorelais.it\/de\/cookie-policy\/#breadcrumb"},"inLanguage":"de-DE","potentialAction":[{"@type":"ReadAction","target":["https:\/\/alcastellorelais.it\/de\/cookie-policy\/"]}]},{"@type":"BreadcrumbList","@id":"https:\/\/alcastellorelais.it\/de\/cookie-policy\/#breadcrumb","itemListElement":[{"@type":"ListItem","position":1,"name":"Home","item":"https:\/\/alcastellorelais.it\/de\/"},{"@type":"ListItem","position":2,"name":"Cookie policy"}]},{"@type":"WebSite","@id":"https:\/\/alcastellorelais.it\/#website","url":"https:\/\/alcastellorelais.it\/","name":"Bnb a Vieste nel centro storico a due passi dal mare","description":"Bad e breakfast a Vieste in centro","potentialAction":[{"@type":"SearchAction","target":{"@type":"EntryPoint","urlTemplate":"https:\/\/alcastellorelais.it\/?s={search_term_string}"},"query-input":"required name=search_term_string"}],"inLanguage":"de-DE"}]}},"_links":{"self":[{"href":"https:\/\/alcastellorelais.it\/de\/wp-json\/wp\/v2\/pages\/6533"}],"collection":[{"href":"https:\/\/alcastellorelais.it\/de\/wp-json\/wp\/v2\/pages"}],"about":[{"href":"https:\/\/alcastellorelais.it\/de\/wp-json\/wp\/v2\/types\/page"}],"author":[{"embeddable":true,"href":"https:\/\/alcastellorelais.it\/de\/wp-json\/wp\/v2\/users\/1"}],"replies":[{"embeddable":true,"href":"https:\/\/alcastellorelais.it\/de\/wp-json\/wp\/v2\/comments?post=6533"}],"version-history":[{"count":4,"href":"https:\/\/alcastellorelais.it\/de\/wp-json\/wp\/v2\/pages\/6533\/revisions"}],"predecessor-version":[{"id":6540,"href":"https:\/\/alcastellorelais.it\/de\/wp-json\/wp\/v2\/pages\/6533\/revisions\/6540"}],"wp:featuredmedia":[{"embeddable":true,"href":"https:\/\/alcastellorelais.it\/de\/wp-json\/wp\/v2\/media\/6313"}],"wp:attachment":[{"href":"https:\/\/alcastellorelais.it\/de\/wp-json\/wp\/v2\/media?parent=6533"}],"curies":[{"name":"wp","href":"https:\/\/api.w.org\/{rel}","templated":true}]}}