{"id":6310,"date":"2023-11-23T12:35:53","date_gmt":"2023-11-23T11:35:53","guid":{"rendered":"https:\/\/alcastellorelais.it\/informativa-sulla-privacy\/"},"modified":"2024-07-02T15:27:17","modified_gmt":"2024-07-02T13:27:17","slug":"informativa-sulla-privacy","status":"publish","type":"page","link":"https:\/\/alcastellorelais.it\/de\/informativa-sulla-privacy\/","title":{"rendered":"Informativa sulla privacy"},"content":{"rendered":"\t\t<div data-elementor-type=\"wp-page\" data-elementor-id=\"6310\" class=\"elementor elementor-6310\">\n\t\t\t\t\t\t\t<div class=\"elementor-element elementor-element-d29370f e-con-full elementor-hidden-tablet elementor-hidden-mobile e-flex parallax_section_no qode_elementor_container_no e-con e-parent\" data-id=\"d29370f\" data-element_type=\"container\" data-settings=\"{&quot;content_width&quot;:&quot;full&quot;,&quot;background_background&quot;:&quot;classic&quot;}\" data-core-v316-plus=\"true\">\n\t\t\t\t<div class=\"elementor-element elementor-element-c664f9d elementor-widget elementor-widget-spacer\" data-id=\"c664f9d\" data-element_type=\"widget\" data-widget_type=\"spacer.default\">\n\t\t\t\t<div class=\"elementor-widget-container\">\n\t\t\t<style>\/*! elementor - v3.17.0 - 08-11-2023 *\/\n.elementor-column .elementor-spacer-inner{height:var(--spacer-size)}.e-con{--container-widget-width:100%}.e-con-inner>.elementor-widget-spacer,.e-con>.elementor-widget-spacer{width:var(--container-widget-width,var(--spacer-size));--align-self:var(--container-widget-align-self,initial);--flex-shrink:0}.e-con-inner>.elementor-widget-spacer>.elementor-widget-container,.e-con>.elementor-widget-spacer>.elementor-widget-container{height:100%;width:100%}.e-con-inner>.elementor-widget-spacer>.elementor-widget-container>.elementor-spacer,.e-con>.elementor-widget-spacer>.elementor-widget-container>.elementor-spacer{height:100%}.e-con-inner>.elementor-widget-spacer>.elementor-widget-container>.elementor-spacer>.elementor-spacer-inner,.e-con>.elementor-widget-spacer>.elementor-widget-container>.elementor-spacer>.elementor-spacer-inner{height:var(--container-widget-height,var(--spacer-size))}.e-con-inner>.elementor-widget-spacer.elementor-widget-empty,.e-con>.elementor-widget-spacer.elementor-widget-empty{position:relative;min-height:22px;min-width:22px}.e-con-inner>.elementor-widget-spacer.elementor-widget-empty .elementor-widget-empty-icon,.e-con>.elementor-widget-spacer.elementor-widget-empty .elementor-widget-empty-icon{position:absolute;top:0;bottom:0;left:0;right:0;margin:auto;padding:0;width:22px;height:22px}<\/style>\t\t<div class=\"elementor-spacer\">\n\t\t\t<div class=\"elementor-spacer-inner\"><\/div>\n\t\t<\/div>\n\t\t\t\t<\/div>\n\t\t\t\t<\/div>\n\t\t\t\t<div class=\"elementor-element elementor-element-1ab93fa elementor-widget elementor-widget-spacer\" data-id=\"1ab93fa\" data-element_type=\"widget\" data-widget_type=\"spacer.default\">\n\t\t\t\t<div class=\"elementor-widget-container\">\n\t\t\t\t\t<div class=\"elementor-spacer\">\n\t\t\t<div class=\"elementor-spacer-inner\"><\/div>\n\t\t<\/div>\n\t\t\t\t<\/div>\n\t\t\t\t<\/div>\n\t\t\t\t<\/div>\n\t\t<div class=\"elementor-element elementor-element-94c165d e-con-full elementor-hidden-desktop e-flex parallax_section_no qode_elementor_container_no e-con e-parent\" data-id=\"94c165d\" data-element_type=\"container\" data-settings=\"{&quot;content_width&quot;:&quot;full&quot;}\" data-core-v316-plus=\"true\">\n\t\t\t\t<div class=\"elementor-element elementor-element-61a757a elementor-widget elementor-widget-image\" data-id=\"61a757a\" data-element_type=\"widget\" data-widget_type=\"image.default\">\n\t\t\t\t<div class=\"elementor-widget-container\">\n\t\t\t<style>\/*! elementor - v3.17.0 - 08-11-2023 *\/\n.elementor-widget-image{text-align:center}.elementor-widget-image a{display:inline-block}.elementor-widget-image a img[src$=\".svg\"]{width:48px}.elementor-widget-image img{vertical-align:middle;display:inline-block}<\/style>\t\t\t\t\t\t\t\t\t\t\t\t<img fetchpriority=\"high\" decoding=\"async\" width=\"1080\" height=\"1080\" src=\"https:\/\/alcastellorelais.it\/wp-content\/uploads\/2023\/12\/Sfondi-piccoli-responsive-al-castello-relais-vieste10.jpg\" class=\"attachment-full size-full wp-image-1987\" alt=\"\" srcset=\"https:\/\/alcastellorelais.it\/wp-content\/uploads\/2023\/12\/Sfondi-piccoli-responsive-al-castello-relais-vieste10.jpg 1080w, https:\/\/alcastellorelais.it\/wp-content\/uploads\/2023\/12\/Sfondi-piccoli-responsive-al-castello-relais-vieste10-300x300.jpg 300w, https:\/\/alcastellorelais.it\/wp-content\/uploads\/2023\/12\/Sfondi-piccoli-responsive-al-castello-relais-vieste10-1024x1024.jpg 1024w, https:\/\/alcastellorelais.it\/wp-content\/uploads\/2023\/12\/Sfondi-piccoli-responsive-al-castello-relais-vieste10-150x150.jpg 150w, https:\/\/alcastellorelais.it\/wp-content\/uploads\/2023\/12\/Sfondi-piccoli-responsive-al-castello-relais-vieste10-768x768.jpg 768w, https:\/\/alcastellorelais.it\/wp-content\/uploads\/2023\/12\/Sfondi-piccoli-responsive-al-castello-relais-vieste10-570x570.jpg 570w, https:\/\/alcastellorelais.it\/wp-content\/uploads\/2023\/12\/Sfondi-piccoli-responsive-al-castello-relais-vieste10-500x500.jpg 500w, https:\/\/alcastellorelais.it\/wp-content\/uploads\/2023\/12\/Sfondi-piccoli-responsive-al-castello-relais-vieste10-1000x1000.jpg 1000w, https:\/\/alcastellorelais.it\/wp-content\/uploads\/2023\/12\/Sfondi-piccoli-responsive-al-castello-relais-vieste10-700x700.jpg 700w, https:\/\/alcastellorelais.it\/wp-content\/uploads\/2023\/12\/Sfondi-piccoli-responsive-al-castello-relais-vieste10-650x650.jpg 650w\" sizes=\"(max-width: 1080px) 100vw, 1080px\" \/>\t\t\t\t\t\t\t\t\t\t\t\t\t\t\t<\/div>\n\t\t\t\t<\/div>\n\t\t\t\t<\/div>\n\t\t\t\t<section class=\"elementor-section elementor-top-section elementor-element elementor-element-ef3745b elementor-section-boxed elementor-section-height-default elementor-section-height-default parallax_section_no qode_elementor_container_no\" data-id=\"ef3745b\" data-element_type=\"section\">\n\t\t\t\t\t\t<div class=\"elementor-container elementor-column-gap-default\">\n\t\t\t\t\t<div class=\"elementor-column elementor-col-100 elementor-top-column elementor-element elementor-element-193d55e\" data-id=\"193d55e\" data-element_type=\"column\">\n\t\t\t<div class=\"elementor-widget-wrap elementor-element-populated\">\n\t\t\t\t\t\t\t\t<div class=\"elementor-element elementor-element-1f29f64 elementor-widget elementor-widget-spacer\" data-id=\"1f29f64\" data-element_type=\"widget\" data-widget_type=\"spacer.default\">\n\t\t\t\t<div class=\"elementor-widget-container\">\n\t\t\t\t\t<div class=\"elementor-spacer\">\n\t\t\t<div class=\"elementor-spacer-inner\"><\/div>\n\t\t<\/div>\n\t\t\t\t<\/div>\n\t\t\t\t<\/div>\n\t\t\t\t<div class=\"elementor-element elementor-element-16203ba elementor-widget elementor-widget-text-editor\" data-id=\"16203ba\" data-element_type=\"widget\" data-widget_type=\"text-editor.default\">\n\t\t\t\t<div class=\"elementor-widget-container\">\n\t\t\t<style>\/*! elementor - v3.17.0 - 08-11-2023 *\/\n.elementor-widget-text-editor.elementor-drop-cap-view-stacked .elementor-drop-cap{background-color:#69727d;color:#fff}.elementor-widget-text-editor.elementor-drop-cap-view-framed .elementor-drop-cap{color:#69727d;border:3px solid;background-color:transparent}.elementor-widget-text-editor:not(.elementor-drop-cap-view-default) .elementor-drop-cap{margin-top:8px}.elementor-widget-text-editor:not(.elementor-drop-cap-view-default) .elementor-drop-cap-letter{width:1em;height:1em}.elementor-widget-text-editor .elementor-drop-cap{float:left;text-align:center;line-height:1;font-size:50px}.elementor-widget-text-editor .elementor-drop-cap-letter{display:inline-block}<\/style>\t\t\t\t<h2>Datenschutzerkl\u00e4rung<\/h2><p>Diese Datenschutzerkl\u00e4rung wird in \u00dcbereinstimmung mit den Richtlinien des italienischen Staates bereitgestellt, um zu erkl\u00e4ren, wie wir die personenbezogenen Daten der Besucher unserer Website www.alcastellorelais.it (die \u201eWebsite&#8221;) verarbeiten.<\/p><p>\u00a0<\/p><p><b>1. Verantwortlicher f\u00fcr die Datenverarbeitung<\/b><\/p><p>Der Verantwortliche f\u00fcr die Verarbeitung personenbezogener Daten, die \u00fcber die Website erhoben werden, ist:<\/p><p>l Castello Relais SRLS | Via M. Olivieri 21, Vieste (FG) 71019 | P. Iva: 04403990718 | CIS: FG07106032000023949<\/p><p>\u00a0<\/p><p><b>2. Erhobene personenbezogene Daten und Zweck der Verarbeitung<\/b><\/p><p>Die Website sammelt keine personenbezogenen Daten automatisch, mit Ausnahme einiger technischer Cookies, die f\u00fcr den Betrieb der Website unbedingt erforderlich sind. Diese Cookies werden ausschlie\u00dflich verwendet, um die angebotenen Dienstleistungen bereitzustellen und zu verbessern sowie um die Navigation auf der Website zu erm\u00f6glichen. Technische Cookies werden nicht f\u00fcr Profilierungszwecke verwendet und nicht an Dritte weitergegeben.<\/p><p>Die Website verf\u00fcgt auch \u00fcber ein Kontaktformular, das es den Nutzern erm\u00f6glicht, uns Nachrichten und Anfragen zu senden. \u00dcber das Kontaktformular bitten wir dich, uns einige Informationen wie deinen Namen und deine E-Mail-Adresse zur Verf\u00fcgung zu stellen, um auf deine Anfragen zu antworten und dir die notwendige Unterst\u00fctzung zu bieten. Diese Daten werden ausschlie\u00dflich f\u00fcr Kommunikationszwecke verarbeitet und nicht an Dritte weitergegeben oder verkauft.<\/p><p>\u00a0<\/p><p><b>3. Rechtsgrundlage der Verarbeitung<\/b><\/p><p>Die Verarbeitung deiner personenbezogenen Daten, sei es durch technische Cookies oder durch das Kontaktformular, basiert auf einer oder mehreren der folgenden Rechtsgrundlagen:<\/p><ul><li>Die Erf\u00fcllung eines Vertrags: Wenn du uns \u00fcber das Kontaktformular kontaktierst, ist die Verarbeitung deiner personenbezogenen Daten erforderlich, um deine Anfragen zu erf\u00fcllen und die angeforderten Dienstleistungen zu erbringen.<\/li><li>Das berechtigte Interesse: Die Verarbeitung der Daten durch technische Cookies ist notwendig, um den ordnungsgem\u00e4\u00dfen Betrieb der Website zu gew\u00e4hrleisten und deine Navigationserfahrung zu verbessern.<\/li><\/ul><p>\u00a0<\/p><p><b>4. Datenaufbewahrung<\/b><br \/>Die \u00fcber das Kontaktformular erhobenen personenbezogenen Daten werden so lange aufbewahrt, wie es zur Erf\u00fcllung der Zwecke, f\u00fcr die sie erhoben wurden, erforderlich ist, es sei denn, du verlangst eine fr\u00fchere L\u00f6schung der Daten.<\/p><p>Technische Cookies werden am Ende der Browsersitzung automatisch gel\u00f6scht.<\/p><p>\u00a0<\/p><p><b>5. Rechte der betroffenen Person<\/b><\/p><p>Als betroffene Person hast du spezifische Rechte in Bezug auf deine personenbezogenen Daten. Insbesondere hast du das Recht:<\/p><ul><li>Zugang zu den dich betreffenden personenbezogenen Daten zu verlangen.<\/li><li>Die Berichtigung unrichtiger Daten oder die Vervollst\u00e4ndigung unvollst\u00e4ndiger Daten zu verlangen.<\/li><li>Die L\u00f6schung deiner personenbezogenen Daten (Recht auf Vergessenwerden) in den gesetzlich vorgesehenen F\u00e4llen zu verlangen.<\/li><li>Die Einschr\u00e4nkung der Verarbeitung deiner personenbezogenen Daten unter bestimmten Umst\u00e4nden zu verlangen.<\/li><li>Der Verarbeitung deiner personenbezogenen Daten unter bestimmten Bedingungen zu widersprechen.<\/li><\/ul><p>Du kannst deine Rechte aus\u00fcben, indem du uns \u00fcber die in der Kontaktsektion der Website angegebenen Details kontaktierst.<\/p><p>\u00a0<\/p><p><b>6. Aktualisierungen der Datenschutzerkl\u00e4rung<\/b><\/p><p>Wir behalten uns das Recht vor, diese Datenschutzerkl\u00e4rung jederzeit zu \u00e4ndern. \u00c4nderungen werden auf dieser Seite ver\u00f6ffentlicht und das Aktualisierungsdatum wird oben auf der Seite angegeben.<\/p><p>Wir empfehlen dir, diese Seite regelm\u00e4\u00dfig zu \u00fcberpr\u00fcfen, um etwaige \u00c4nderungen nachzuvollziehen und informiert zu bleiben, wie wir deine personenbezogenen Daten verarbeiten.<\/p><p>\u00a0<\/p><p>Aktualisierungsdatum: Dezember 2023<\/p><p>Vielen Dank, dass du unsere Datenschutzerkl\u00e4rung gelesen hast. Wenn du weitere Fragen oder Bedenken hast, kontaktiere uns bitte.<\/p>\t\t\t\t\t\t<\/div>\n\t\t\t\t<\/div>\n\t\t\t\t<div class=\"elementor-element elementor-element-72c217d elementor-widget elementor-widget-spacer\" data-id=\"72c217d\" data-element_type=\"widget\" data-widget_type=\"spacer.default\">\n\t\t\t\t<div class=\"elementor-widget-container\">\n\t\t\t\t\t<div class=\"elementor-spacer\">\n\t\t\t<div class=\"elementor-spacer-inner\"><\/div>\n\t\t<\/div>\n\t\t\t\t<\/div>\n\t\t\t\t<\/div>\n\t\t\t\t\t<\/div>\n\t\t<\/div>\n\t\t\t\t\t\t\t<\/div>\n\t\t<\/section>\n\t\t\t\t\t\t\t<\/div>\n\t\t","protected":false},"excerpt":{"rendered":"<p>Datenschutzerkl\u00e4rung Diese Datenschutzerkl\u00e4rung wird in \u00dcbereinstimmung mit den Richtlinien des italienischen Staates bereitgestellt, um zu erkl\u00e4ren, wie wir die personenbezogenen Daten der Besucher unserer Website www.alcastellorelais.it (die \u201eWebsite&#8221;) verarbeiten. \u00a0 1. Verantwortlicher f\u00fcr die Datenverarbeitung Der Verantwortliche f\u00fcr die Verarbeitung personenbezogener Daten, die \u00fcber die&#8230;<\/p>\n","protected":false},"author":1,"featured_media":6313,"parent":0,"menu_order":0,"comment_status":"closed","ping_status":"closed","template":"full_width.php","meta":{"footnotes":""},"yoast_head":"<!-- This site is optimized with the Yoast SEO plugin v21.7 - https:\/\/yoast.com\/wordpress\/plugins\/seo\/ -->\n<title>Informativa sulla privacy - Bnb a Vieste nel centro storico a due passi dal mare<\/title>\n<meta name=\"robots\" content=\"index, follow, max-snippet:-1, max-image-preview:large, max-video-preview:-1\" \/>\n<link rel=\"canonical\" href=\"https:\/\/alcastellorelais.it\/de\/informativa-sulla-privacy\/\" \/>\n<meta property=\"og:locale\" content=\"de_DE\" \/>\n<meta property=\"og:type\" content=\"article\" \/>\n<meta property=\"og:title\" content=\"Informativa sulla privacy - Bnb a Vieste nel centro storico a due passi dal mare\" \/>\n<meta property=\"og:description\" content=\"Datenschutzerkl\u00e4rung Diese Datenschutzerkl\u00e4rung wird in \u00dcbereinstimmung mit den Richtlinien des italienischen Staates bereitgestellt, um zu erkl\u00e4ren, wie wir die personenbezogenen Daten der Besucher unserer Website www.alcastellorelais.it (die \u201eWebsite&#8221;) verarbeiten. \u00a0 1. Verantwortlicher f\u00fcr die Datenverarbeitung Der Verantwortliche f\u00fcr die Verarbeitung personenbezogener Daten, die \u00fcber die...\" \/>\n<meta property=\"og:url\" content=\"https:\/\/alcastellorelais.it\/de\/informativa-sulla-privacy\/\" \/>\n<meta property=\"og:site_name\" content=\"Bnb a Vieste nel centro storico a due passi dal mare\" \/>\n<meta property=\"article:modified_time\" content=\"2024-07-02T13:27:17+00:00\" \/>\n<meta property=\"og:image\" content=\"https:\/\/alcastellorelais.it\/wp-content\/uploads\/2023\/12\/copertine-pagine-al-castello-relais-vieste3.jpg\" \/>\n\t<meta property=\"og:image:width\" content=\"1600\" \/>\n\t<meta property=\"og:image:height\" content=\"1067\" \/>\n\t<meta property=\"og:image:type\" content=\"image\/jpeg\" \/>\n<meta name=\"twitter:card\" content=\"summary_large_image\" \/>\n<meta name=\"twitter:label1\" content=\"Est. reading time\" \/>\n\t<meta name=\"twitter:data1\" content=\"3 Minuten\" \/>\n<script type=\"application\/ld+json\" class=\"yoast-schema-graph\">{\"@context\":\"https:\/\/schema.org\",\"@graph\":[{\"@type\":\"WebPage\",\"@id\":\"https:\/\/alcastellorelais.it\/de\/informativa-sulla-privacy\/\",\"url\":\"https:\/\/alcastellorelais.it\/de\/informativa-sulla-privacy\/\",\"name\":\"Informativa sulla privacy - Bnb a Vieste nel centro storico a due passi dal mare\",\"isPartOf\":{\"@id\":\"https:\/\/alcastellorelais.it\/#website\"},\"datePublished\":\"2023-11-23T11:35:53+00:00\",\"dateModified\":\"2024-07-02T13:27:17+00:00\",\"breadcrumb\":{\"@id\":\"https:\/\/alcastellorelais.it\/de\/informativa-sulla-privacy\/#breadcrumb\"},\"inLanguage\":\"de-DE\",\"potentialAction\":[{\"@type\":\"ReadAction\",\"target\":[\"https:\/\/alcastellorelais.it\/de\/informativa-sulla-privacy\/\"]}]},{\"@type\":\"BreadcrumbList\",\"@id\":\"https:\/\/alcastellorelais.it\/de\/informativa-sulla-privacy\/#breadcrumb\",\"itemListElement\":[{\"@type\":\"ListItem\",\"position\":1,\"name\":\"Home\",\"item\":\"https:\/\/alcastellorelais.it\/de\/\"},{\"@type\":\"ListItem\",\"position\":2,\"name\":\"Informativa sulla privacy\"}]},{\"@type\":\"WebSite\",\"@id\":\"https:\/\/alcastellorelais.it\/#website\",\"url\":\"https:\/\/alcastellorelais.it\/\",\"name\":\"Bnb a Vieste nel centro storico a due passi dal mare\",\"description\":\"Bad e breakfast a Vieste in centro\",\"potentialAction\":[{\"@type\":\"SearchAction\",\"target\":{\"@type\":\"EntryPoint\",\"urlTemplate\":\"https:\/\/alcastellorelais.it\/?s={search_term_string}\"},\"query-input\":\"required name=search_term_string\"}],\"inLanguage\":\"de-DE\"}]}<\/script>\n<!-- \/ Yoast SEO plugin. -->","yoast_head_json":{"title":"Informativa sulla privacy - Bnb a Vieste nel centro storico a due passi dal mare","robots":{"index":"index","follow":"follow","max-snippet":"max-snippet:-1","max-image-preview":"max-image-preview:large","max-video-preview":"max-video-preview:-1"},"canonical":"https:\/\/alcastellorelais.it\/de\/informativa-sulla-privacy\/","og_locale":"de_DE","og_type":"article","og_title":"Informativa sulla privacy - Bnb a Vieste nel centro storico a due passi dal mare","og_description":"Datenschutzerkl\u00e4rung Diese Datenschutzerkl\u00e4rung wird in \u00dcbereinstimmung mit den Richtlinien des italienischen Staates bereitgestellt, um zu erkl\u00e4ren, wie wir die personenbezogenen Daten der Besucher unserer Website www.alcastellorelais.it (die \u201eWebsite&#8221;) verarbeiten. \u00a0 1. Verantwortlicher f\u00fcr die Datenverarbeitung Der Verantwortliche f\u00fcr die Verarbeitung personenbezogener Daten, die \u00fcber die...","og_url":"https:\/\/alcastellorelais.it\/de\/informativa-sulla-privacy\/","og_site_name":"Bnb a Vieste nel centro storico a due passi dal mare","article_modified_time":"2024-07-02T13:27:17+00:00","og_image":[{"width":1600,"height":1067,"url":"https:\/\/alcastellorelais.it\/wp-content\/uploads\/2023\/12\/copertine-pagine-al-castello-relais-vieste3.jpg","type":"image\/jpeg"}],"twitter_card":"summary_large_image","twitter_misc":{"Est. reading time":"3 Minuten"},"schema":{"@context":"https:\/\/schema.org","@graph":[{"@type":"WebPage","@id":"https:\/\/alcastellorelais.it\/de\/informativa-sulla-privacy\/","url":"https:\/\/alcastellorelais.it\/de\/informativa-sulla-privacy\/","name":"Informativa sulla privacy - Bnb a Vieste nel centro storico a due passi dal mare","isPartOf":{"@id":"https:\/\/alcastellorelais.it\/#website"},"datePublished":"2023-11-23T11:35:53+00:00","dateModified":"2024-07-02T13:27:17+00:00","breadcrumb":{"@id":"https:\/\/alcastellorelais.it\/de\/informativa-sulla-privacy\/#breadcrumb"},"inLanguage":"de-DE","potentialAction":[{"@type":"ReadAction","target":["https:\/\/alcastellorelais.it\/de\/informativa-sulla-privacy\/"]}]},{"@type":"BreadcrumbList","@id":"https:\/\/alcastellorelais.it\/de\/informativa-sulla-privacy\/#breadcrumb","itemListElement":[{"@type":"ListItem","position":1,"name":"Home","item":"https:\/\/alcastellorelais.it\/de\/"},{"@type":"ListItem","position":2,"name":"Informativa sulla privacy"}]},{"@type":"WebSite","@id":"https:\/\/alcastellorelais.it\/#website","url":"https:\/\/alcastellorelais.it\/","name":"Bnb a Vieste nel centro storico a due passi dal mare","description":"Bad e breakfast a Vieste in centro","potentialAction":[{"@type":"SearchAction","target":{"@type":"EntryPoint","urlTemplate":"https:\/\/alcastellorelais.it\/?s={search_term_string}"},"query-input":"required name=search_term_string"}],"inLanguage":"de-DE"}]}},"_links":{"self":[{"href":"https:\/\/alcastellorelais.it\/de\/wp-json\/wp\/v2\/pages\/6310"}],"collection":[{"href":"https:\/\/alcastellorelais.it\/de\/wp-json\/wp\/v2\/pages"}],"about":[{"href":"https:\/\/alcastellorelais.it\/de\/wp-json\/wp\/v2\/types\/page"}],"author":[{"embeddable":true,"href":"https:\/\/alcastellorelais.it\/de\/wp-json\/wp\/v2\/users\/1"}],"replies":[{"embeddable":true,"href":"https:\/\/alcastellorelais.it\/de\/wp-json\/wp\/v2\/comments?post=6310"}],"version-history":[{"count":13,"href":"https:\/\/alcastellorelais.it\/de\/wp-json\/wp\/v2\/pages\/6310\/revisions"}],"predecessor-version":[{"id":6362,"href":"https:\/\/alcastellorelais.it\/de\/wp-json\/wp\/v2\/pages\/6310\/revisions\/6362"}],"wp:featuredmedia":[{"embeddable":true,"href":"https:\/\/alcastellorelais.it\/de\/wp-json\/wp\/v2\/media\/6313"}],"wp:attachment":[{"href":"https:\/\/alcastellorelais.it\/de\/wp-json\/wp\/v2\/media?parent=6310"}],"curies":[{"name":"wp","href":"https:\/\/api.w.org\/{rel}","templated":true}]}}